{"id":5393,"date":"2021-11-24T15:14:10","date_gmt":"2021-11-24T14:14:10","guid":{"rendered":"https:\/\/www.bodegaslecea.com\/?post_type=product&#038;p=5393"},"modified":"2024-05-09T11:45:55","modified_gmt":"2024-05-09T09:45:55","slug":"paseo-entre-vinedos-con-bicicleta-electrica","status":"publish","type":"product","link":"https:\/\/www.bodegaslecea.com\/en\/tienda\/paseo-entre-vinedos-con-bicicleta-electrica\/","title":{"rendered":"Paseo entre vi\u00f1edos con bicicleta el\u00e9ctrica"},"content":{"rendered":"","protected":false},"excerpt":{"rendered":"<p>Disfruta de un agradable paseo en bicicleta el\u00e9ctrica entre los hermosos vi\u00f1edos de San Asensio. Una manera divertida, c\u00f3moda y sostenible de aprender sobre la agricultura y paisaje riojano acompa\u00f1ados de un gu\u00eda que os explicar\u00e1 todas las curiosidades de nuestra regi\u00f3n.<\/p>\n<p>A continuaci\u00f3n<strong>\u00a0visita guiada a la bodega<\/strong>\u00a0del siglo XVI con degustaci\u00f3n de 3 vinos.<\/p>\n<p><strong>Duraci\u00f3n<\/strong>\u00a02 h aprox. Hora de comienzo 10:30h. Posibilidad de hacerlo con almuerzo (consultar).<\/p>\n<p><strong>Confirmaci\u00f3n:<\/strong> Esta actividad requiere confirmaci\u00f3n, una vez seleccionada la fecha deseada deber\u00e1s pinchar sobre el bot\u00f3n \u2018Comprobar disponibilidad\u2019 e introduce tus datos personales, nos pondremos en contacto contigo con la mayor brevedad posible indic\u00e1ndote la disponibilidad y enviarte un enlace a la p\u00e1gina de pago.<\/p>\n<p><strong>685 01 04 00 \/\u00a0<a href=\"mailto:info@bodegaslecea.com\" target=\"_blank\" rel=\"noopener noreferrer\">enoturismo@bodegaslecea.com<\/a><\/strong><\/p>\n","protected":false},"featured_media":16018,"comment_status":"closed","ping_status":"closed","template":"","meta":{"_joinchat":[]},"product_brand":[],"product_cat":[45],"product_tag":[],"class_list":{"0":"post-5393","1":"product","2":"type-product","3":"status-publish","4":"has-post-thumbnail","6":"product_cat-reservas","8":"first","9":"instock","10":"virtual","11":"sold-individually","12":"purchasable","13":"product-type-booking"},"_links":{"self":[{"href":"https:\/\/www.bodegaslecea.com\/en\/wp-json\/wp\/v2\/product\/5393","targetHints":{"allow":["GET"]}}],"collection":[{"href":"https:\/\/www.bodegaslecea.com\/en\/wp-json\/wp\/v2\/product"}],"about":[{"href":"https:\/\/www.bodegaslecea.com\/en\/wp-json\/wp\/v2\/types\/product"}],"replies":[{"embeddable":true,"href":"https:\/\/www.bodegaslecea.com\/en\/wp-json\/wp\/v2\/comments?post=5393"}],"wp:featuredmedia":[{"embeddable":true,"href":"https:\/\/www.bodegaslecea.com\/en\/wp-json\/wp\/v2\/media\/16018"}],"wp:attachment":[{"href":"https:\/\/www.bodegaslecea.com\/en\/wp-json\/wp\/v2\/media?parent=5393"}],"wp:term":[{"taxonomy":"product_brand","embeddable":true,"href":"https:\/\/www.bodegaslecea.com\/en\/wp-json\/wp\/v2\/product_brand?post=5393"},{"taxonomy":"product_cat","embeddable":true,"href":"https:\/\/www.bodegaslecea.com\/en\/wp-json\/wp\/v2\/product_cat?post=5393"},{"taxonomy":"product_tag","embeddable":true,"href":"https:\/\/www.bodegaslecea.com\/en\/wp-json\/wp\/v2\/product_tag?post=5393"}],"curies":[{"name":"wp","href":"https:\/\/api.w.org\/{rel}","templated":true}]}}