{"id":5392,"date":"2021-11-24T15:07:05","date_gmt":"2021-11-24T14:07:05","guid":{"rendered":"https:\/\/www.bodegaslecea.com\/?post_type=product&#038;p=5392"},"modified":"2026-02-04T11:36:52","modified_gmt":"2026-02-04T10:36:52","slug":"menu-riojano-en-nuestro-comedor-bodega-y-cata","status":"publish","type":"product","link":"https:\/\/www.bodegaslecea.com\/en\/tienda\/menu-riojano-en-nuestro-comedor-bodega-y-cata\/","title":{"rendered":"Men\u00fa riojano en nuestro comedor + bodega y cata"},"content":{"rendered":"","protected":false},"excerpt":{"rendered":"<p class=\"p1\">Si adem\u00e1s quieres completar todas estas actividades con un\u00a0<b>men\u00fa t\u00edpico riojano<\/b>, cocinaremos para ti unas patatas con chorizo y chuletillas para chuparse los dedos.<\/p>\n<p><em>La comida se organiza para un m\u00ednimo de 10 pax. (consulta si sois menos)<\/em><\/p>\n<p class=\"p1\"><strong>\u00a064\u20ac<\/strong>\u00a0con visita a bodega del siglo XVI y cata comentada de 3 vinos.<\/p>\n<p><strong>Confirmaci\u00f3n:<\/strong> Esta actividad requiere confirmaci\u00f3n, una vez seleccionada la fecha deseada deber\u00e1s pinchar sobre el bot\u00f3n &#8216;Comprobar disponibilidad&#8217; e introducir tus datos personales, nos pondremos en contacto contigo a la mayor brevedad indic\u00e1ndote la disponibilidad y las formas de pago.<\/p>\n<p><strong>685 01 04 00 \/\u00a0<a href=\"mailto:info@bodegaslecea.com\" target=\"_blank\" rel=\"noopener noreferrer\">enoturismo@bodegaslecea.com<\/a><\/strong><\/p>\n<p><a href=\"https:\/\/www.bodegaslecea.com\/wp-content\/uploads\/2021\/11\/MENU-BODEGAS-LECEA-4.pdf\">MEN\u00da BODEGAS LECEA ADULTOS<\/a>\u00a0 \u00a0 <a href=\"https:\/\/www.bodegaslecea.com\/wp-content\/uploads\/2021\/11\/MENU-BODEGAS-LECEA-5.pdf\">MEN\u00da INFANTIL BODEGAS LECEA<\/a><\/p>\n","protected":false},"featured_media":4321,"comment_status":"closed","ping_status":"closed","template":"","meta":{"_joinchat":[]},"product_brand":[],"product_cat":[45],"product_tag":[],"class_list":{"0":"post-5392","1":"product","2":"type-product","3":"status-publish","4":"has-post-thumbnail","6":"product_cat-reservas","8":"first","9":"instock","10":"virtual","11":"sold-individually","12":"purchasable","13":"product-type-booking"},"_links":{"self":[{"href":"https:\/\/www.bodegaslecea.com\/en\/wp-json\/wp\/v2\/product\/5392","targetHints":{"allow":["GET"]}}],"collection":[{"href":"https:\/\/www.bodegaslecea.com\/en\/wp-json\/wp\/v2\/product"}],"about":[{"href":"https:\/\/www.bodegaslecea.com\/en\/wp-json\/wp\/v2\/types\/product"}],"replies":[{"embeddable":true,"href":"https:\/\/www.bodegaslecea.com\/en\/wp-json\/wp\/v2\/comments?post=5392"}],"wp:featuredmedia":[{"embeddable":true,"href":"https:\/\/www.bodegaslecea.com\/en\/wp-json\/wp\/v2\/media\/4321"}],"wp:attachment":[{"href":"https:\/\/www.bodegaslecea.com\/en\/wp-json\/wp\/v2\/media?parent=5392"}],"wp:term":[{"taxonomy":"product_brand","embeddable":true,"href":"https:\/\/www.bodegaslecea.com\/en\/wp-json\/wp\/v2\/product_brand?post=5392"},{"taxonomy":"product_cat","embeddable":true,"href":"https:\/\/www.bodegaslecea.com\/en\/wp-json\/wp\/v2\/product_cat?post=5392"},{"taxonomy":"product_tag","embeddable":true,"href":"https:\/\/www.bodegaslecea.com\/en\/wp-json\/wp\/v2\/product_tag?post=5392"}],"curies":[{"name":"wp","href":"https:\/\/api.w.org\/{rel}","templated":true}]}}