{"id":5390,"date":"2021-11-24T13:22:10","date_gmt":"2021-11-24T12:22:10","guid":{"rendered":"https:\/\/www.bodegaslecea.com\/?post_type=product&#038;p=5390"},"modified":"2026-02-04T11:34:02","modified_gmt":"2026-02-04T10:34:02","slug":"visita-al-vinedo-con-almuerzo-y-actividad-viticola-bodega-y-cata","status":"publish","type":"product","link":"https:\/\/www.bodegaslecea.com\/en\/tienda\/visita-al-vinedo-con-almuerzo-y-actividad-viticola-bodega-y-cata\/","title":{"rendered":"Visita al vi\u00f1edo con almuerzo y actividad vit\u00edcola + bodega y cata"},"content":{"rendered":"","protected":false},"excerpt":{"rendered":"<p class=\"p1\">Si\u00e9ntete agricultor por un d\u00eda y acomp\u00e1\u00f1anos en las tareas de la\u00a0<b>poda, espergura o la vendimia<\/b>\u00a0en cada momento del a\u00f1o. Aprende con nosotros sobre el Rioja y nuestra regi\u00f3n vitivin\u00edcola. El tour en el vi\u00f1edo se realiza junto un agricultor profesional que te mostrar\u00e1 todas las t\u00e9cnicas del oficio.<\/p>\n<p class=\"p1\">Para reponer fuerzas incluye<b> almuerzo a pie de vi\u00f1a:\u00a0<\/b>embutido de lomo curado, salchich\u00f3n, jam\u00f3n serrano, queso camerano, tortilla de patata casera, ensalada de tomate, pan y vino Lecea.<\/p>\n<p class=\"p1\">A continuaci\u00f3n\u00a0<strong>visita guiada en la bodega del siglo XVI<\/strong> con degustaci\u00f3n de 3 vinos + aperitivo.<\/p>\n<p><strong>Duraci\u00f3n:\u00a0<\/strong>3 h. aprox.<\/p>\n<p><strong>Hora de comienzo 10:30h<\/strong><\/p>\n<p>Actividad en espa\u00f1ol. Cons\u00faltanos para otros idiomas.<\/p>\n<p><strong>Confirmaci\u00f3n:<\/strong> Esta actividad requiere confirmaci\u00f3n, una vez seleccionada la fecha deseada deber\u00e1s pinchar sobre el bot\u00f3n &#8216;Comprobar disponibilidad&#8217; e introduce tus datos personales, nos pondremos en contacto contigo a la mayor brevedad para indic\u00e1ndote la disponibilidad y enviarte un enlace a la p\u00e1gina de pago.<\/p>\n<p><strong>Actividad m\u00ednima para 4 personas. <\/strong>En el caso de ser n\u00famero inferior se aplicar\u00e1 un suplemento de 10\u20ac por persona.<\/p>\n<p><strong>685 01 04 00 \/\u00a0<a href=\"mailto:info@bodegaslecea.com\" target=\"_blank\" rel=\"noopener noreferrer\">enoturismo@bodegaslecea.com<\/a><\/strong><\/p>\n","protected":false},"featured_media":4319,"comment_status":"closed","ping_status":"closed","template":"","meta":{"_joinchat":[]},"product_brand":[],"product_cat":[27,45],"product_tag":[],"class_list":{"0":"post-5390","1":"product","2":"type-product","3":"status-publish","4":"has-post-thumbnail","6":"product_cat-experiencias","7":"product_cat-reservas","9":"first","10":"instock","11":"virtual","12":"sold-individually","13":"purchasable","14":"product-type-booking"},"_links":{"self":[{"href":"https:\/\/www.bodegaslecea.com\/en\/wp-json\/wp\/v2\/product\/5390","targetHints":{"allow":["GET"]}}],"collection":[{"href":"https:\/\/www.bodegaslecea.com\/en\/wp-json\/wp\/v2\/product"}],"about":[{"href":"https:\/\/www.bodegaslecea.com\/en\/wp-json\/wp\/v2\/types\/product"}],"replies":[{"embeddable":true,"href":"https:\/\/www.bodegaslecea.com\/en\/wp-json\/wp\/v2\/comments?post=5390"}],"wp:featuredmedia":[{"embeddable":true,"href":"https:\/\/www.bodegaslecea.com\/en\/wp-json\/wp\/v2\/media\/4319"}],"wp:attachment":[{"href":"https:\/\/www.bodegaslecea.com\/en\/wp-json\/wp\/v2\/media?parent=5390"}],"wp:term":[{"taxonomy":"product_brand","embeddable":true,"href":"https:\/\/www.bodegaslecea.com\/en\/wp-json\/wp\/v2\/product_brand?post=5390"},{"taxonomy":"product_cat","embeddable":true,"href":"https:\/\/www.bodegaslecea.com\/en\/wp-json\/wp\/v2\/product_cat?post=5390"},{"taxonomy":"product_tag","embeddable":true,"href":"https:\/\/www.bodegaslecea.com\/en\/wp-json\/wp\/v2\/product_tag?post=5390"}],"curies":[{"name":"wp","href":"https:\/\/api.w.org\/{rel}","templated":true}]}}