{"id":44761,"date":"2026-01-29T09:43:45","date_gmt":"2026-01-29T08:43:45","guid":{"rendered":"https:\/\/www.bodegaslecea.com\/?post_type=product&#038;p=44761"},"modified":"2026-01-29T11:47:01","modified_gmt":"2026-01-29T10:47:01","slug":"eclipse-solar-total-entre-vinedos-rioja-12-de-agosto-de-2026","status":"publish","type":"product","link":"https:\/\/www.bodegaslecea.com\/en\/tienda\/eclipse-solar-total-entre-vinedos-rioja-12-de-agosto-de-2026\/","title":{"rendered":"Eclipse solar total entre vi\u00f1edos de La Rioja \ud83c\udf11 12 de agosto de 2026"},"content":{"rendered":"[vc_row type=&#8221;in_container&#8221; full_screen_row_position=&#8221;middle&#8221; column_margin=&#8221;default&#8221; column_direction=&#8221;default&#8221; column_direction_tablet=&#8221;default&#8221; column_direction_phone=&#8221;default&#8221; scene_position=&#8221;center&#8221; text_color=&#8221;dark&#8221; text_align=&#8221;left&#8221; row_border_radius=&#8221;none&#8221; row_border_radius_applies=&#8221;bg&#8221; overflow=&#8221;visible&#8221; overlay_strength=&#8221;0.3&#8243; gradient_direction=&#8221;left_to_right&#8221; shape_divider_position=&#8221;bottom&#8221; bg_image_animation=&#8221;none&#8221;][vc_column column_padding=&#8221;no-extra-padding&#8221; column_padding_tablet=&#8221;inherit&#8221; column_padding_phone=&#8221;inherit&#8221; column_padding_position=&#8221;all&#8221; column_element_direction_desktop=&#8221;default&#8221; column_element_spacing=&#8221;default&#8221; desktop_text_alignment=&#8221;default&#8221; tablet_text_alignment=&#8221;default&#8221; phone_text_alignment=&#8221;default&#8221; background_color_opacity=&#8221;1&#8243; background_hover_color_opacity=&#8221;1&#8243; column_backdrop_filter=&#8221;none&#8221; column_shadow=&#8221;none&#8221; column_border_radius=&#8221;none&#8221; column_link_target=&#8221;_self&#8221; column_position=&#8221;default&#8221; gradient_direction=&#8221;left_to_right&#8221; overlay_strength=&#8221;0.3&#8243; width=&#8221;1\/1&#8243; tablet_width_inherit=&#8221;default&#8221; animation_type=&#8221;default&#8221; bg_image_animation=&#8221;none&#8221; border_type=&#8221;simple&#8221; column_border_width=&#8221;none&#8221; column_border_style=&#8221;solid&#8221;][clients columns=&#8221;2&#8243; hover_effect=&#8221;opacity&#8221; additional_padding=&#8221;none&#8221;][client url_target=&#8221;_blank&#8221; title=&#8221;Client&#8221; id=&#8221;1701698946098-6&#8243; tab_id=&#8221;1701698946099-3&#8243;] Click the edit button to add your testimonial. [\/client][client url_target=&#8221;_blank&#8221; title=&#8221;Client&#8221; id=&#8221;1701698946113-1&#8243; tab_id=&#8221;1701698946114-3&#8243;] Click the edit button to add your testimonial. [\/client][\/clients][\/vc_column][\/vc_row]\n","protected":false},"excerpt":{"rendered":"<div class=\"x_default-style\">\n<p data-start=\"568\" data-end=\"744\">La observaci\u00f3n del <strong data-start=\"317\" data-end=\"365\">eclipse solar total del 12 de agosto de 2026<\/strong> es un fen\u00f3meno astron\u00f3mico extraordinario que no se repet\u00eda en Espa\u00f1a desde hace m\u00e1s de 100 a\u00f1os. Un acontecimiento \u00fanico e irrepetible que podr\u00e1 vivirse de una forma muy especial en pleno coraz\u00f3n del vi\u00f1edo riojano.<\/p>\n<p data-start=\"568\" data-end=\"744\">En <strong data-start=\"571\" data-end=\"588\">Bodegas Lecea<\/strong> hemos seleccionado un <strong data-start=\"611\" data-end=\"649\">enclave privilegiado entre vi\u00f1edos<\/strong>, preparado para garantizar una observaci\u00f3n c\u00f3moda y plena, en un entorno natural incomparable.<\/p>\n<p data-start=\"746\" data-end=\"943\">La experiencia comenzar\u00e1 con una <strong data-start=\"779\" data-end=\"806\">visita guiada al vi\u00f1edo<\/strong>, donde conoceremos de primera mano la actividad vit\u00edcola, el ciclo de la vid y el trabajo que se realiza en el campo a lo largo del a\u00f1o.<\/p>\n<p data-start=\"945\" data-end=\"1485\">A continuaci\u00f3n, nos desplazaremos hasta una <strong data-start=\"989\" data-end=\"1031\">zona elevada en lo alto de San Asensio<\/strong>, con excelente visibilidad y especialmente preparada para la ocasi\u00f3n. All\u00ed ofreceremos una <strong data-start=\"1123\" data-end=\"1168\">explicaci\u00f3n divulgativa del eclipse solar<\/strong>, para comprender el fen\u00f3meno que estamos a punto de vivir y su excepcionalidad. Llegar\u00e1 entonces el momento culminante de la experiencia: a plena tarde, el cielo se oscurecer\u00e1 y el Sol quedar\u00e1 completamente oculto por la Luna, regal\u00e1ndonos un espect\u00e1culo \u00fanico que compartiremos entre naturaleza, silencio y emoci\u00f3n.<\/p>\n<p data-start=\"1487\" data-end=\"1579\">La observaci\u00f3n ir\u00e1 acompa\u00f1ada de un <strong data-start=\"1523\" data-end=\"1578\">aperitivo y una selecci\u00f3n de vinos de Bodegas Lecea<\/strong>.<\/p>\n<p data-start=\"1581\" data-end=\"1746\">Una vivencia exclusiva que une <strong data-start=\"1612\" data-end=\"1685\">vino, paisaje, conocimiento y un acontecimiento astron\u00f3mico hist\u00f3rico<\/strong>, dise\u00f1ada para quienes buscan algo verdaderamente diferente.<\/p>\n<\/div>\n<div class=\"default-style\"><\/div>\n<div class=\"default-style\">HORARIO 18.30h del 12 de agosto de 2026. Duraci\u00f3n 3 horas aprox<\/div>\n<div class=\"default-style\"><strong>Precio 55\u20ac por persona. Requiere pago previo<\/strong><\/div>\n<div><\/div>\n<div>+ 7\u20ac si quieres gafas de protecci\u00f3n para el eclipse<\/div>\n<div>\n<h3 data-start=\"2081\" data-end=\"2115\"><\/h3>\n<h3 data-start=\"2081\" data-end=\"2115\"><strong><em>Actividades extra opcionales<\/em><\/strong><\/h3>\n<ul data-start=\"2116\" data-end=\"2403\">\n<li data-start=\"2116\" data-end=\"2210\">\n<p data-start=\"2118\" data-end=\"2210\"><strong data-start=\"2118\" data-end=\"2177\">Visita a nuestra bodega del siglo XVI con cata de vinos<\/strong>, antes de la visita al vi\u00f1edo.<\/p>\n<\/li>\n<li data-start=\"2211\" data-end=\"2403\">\n<p data-start=\"2213\" data-end=\"2403\"><strong data-start=\"2213\" data-end=\"2277\">Paseo entre vi\u00f1edos en veh\u00edculo 4&#215;4 o en bicicleta el\u00e9ctrica <\/strong> m\u00ednimo 4 personas (antes del comienzo del eclipse).<\/p>\n<\/li>\n<\/ul>\n<\/div>\n<div class=\"default-style\"><\/div>\n<div class=\"default-style\"><em>PLAZAS LIMITADAS<\/em><\/div>\n","protected":false},"featured_media":44764,"comment_status":"closed","ping_status":"closed","template":"","meta":{"_joinchat":[]},"product_brand":[],"product_cat":[27,41],"product_tag":[],"class_list":{"0":"post-44761","1":"product","2":"type-product","3":"status-publish","4":"has-post-thumbnail","6":"product_cat-experiencias","7":"product_cat-regala-enoturismo","9":"first","10":"instock","11":"downloadable","12":"virtual","13":"purchasable","14":"product-type-simple"},"_links":{"self":[{"href":"https:\/\/www.bodegaslecea.com\/en\/wp-json\/wp\/v2\/product\/44761","targetHints":{"allow":["GET"]}}],"collection":[{"href":"https:\/\/www.bodegaslecea.com\/en\/wp-json\/wp\/v2\/product"}],"about":[{"href":"https:\/\/www.bodegaslecea.com\/en\/wp-json\/wp\/v2\/types\/product"}],"replies":[{"embeddable":true,"href":"https:\/\/www.bodegaslecea.com\/en\/wp-json\/wp\/v2\/comments?post=44761"}],"wp:featuredmedia":[{"embeddable":true,"href":"https:\/\/www.bodegaslecea.com\/en\/wp-json\/wp\/v2\/media\/44764"}],"wp:attachment":[{"href":"https:\/\/www.bodegaslecea.com\/en\/wp-json\/wp\/v2\/media?parent=44761"}],"wp:term":[{"taxonomy":"product_brand","embeddable":true,"href":"https:\/\/www.bodegaslecea.com\/en\/wp-json\/wp\/v2\/product_brand?post=44761"},{"taxonomy":"product_cat","embeddable":true,"href":"https:\/\/www.bodegaslecea.com\/en\/wp-json\/wp\/v2\/product_cat?post=44761"},{"taxonomy":"product_tag","embeddable":true,"href":"https:\/\/www.bodegaslecea.com\/en\/wp-json\/wp\/v2\/product_tag?post=44761"}],"curies":[{"name":"wp","href":"https:\/\/api.w.org\/{rel}","templated":true}]}}