{"id":43411,"date":"2025-12-02T12:22:47","date_gmt":"2025-12-02T11:22:47","guid":{"rendered":"https:\/\/www.bodegaslecea.com\/?post_type=product&#038;p=43411"},"modified":"2025-12-04T11:42:14","modified_gmt":"2025-12-04T10:42:14","slug":"lecea-con-corazon","status":"publish","type":"product","link":"https:\/\/www.bodegaslecea.com\/en\/tienda\/lecea-con-corazon\/","title":{"rendered":"Lecea con Coraz\u00f3n"},"content":{"rendered":"<h2><strong>11\u20ac bot.<\/strong><\/h2>\n<p>&nbsp;<\/p>\n","protected":false},"excerpt":{"rendered":"<div class=\"nectar-split-heading font-52 markup-generated animated-in\" data-align=\"default\" data-m-align=\"inherit\" data-text-effect=\"default\" data-animation-type=\"line-reveal-by-space\" data-animation-delay=\"0\" data-animation-offset=\"\" data-m-rm-animation=\"\" data-stagger=\"\" data-custom-font-size=\"false\">\n<h2><span class=\"inner\">Rioja<\/span>\u00a0<span class=\"inner\">con<\/span>\u00a0<span class=\"inner\">Coraz\u00f3n<\/span>\u00a0<span class=\"inner\">es<\/span>\u00a0<span class=\"inner\">una<\/span>\u00a0<span class=\"inner\">gran<\/span>\u00a0<span class=\"inner\">iniciativa<\/span>\u00a0<span class=\"inner\">solidaria a la que nos sumamos como Bodegas Lecea<\/span><\/h2>\n<\/div>\n<div class=\"wpb_text_column wpb_content_element \">\n<div class=\"wpb_wrapper\">\n<p><strong>El objetivo de esta iniciativa es recaudar fondos a trav\u00e9s de la venta de un vino solidario, los cuales ir\u00e1n destinados a C\u00e1ritas Diocesana de La Rioja.\u00a0<\/strong>La misi\u00f3n de C\u00e1ritas, su Coraz\u00f3n, es ofrecer herramientas y recursos a las personas m\u00e1s vulnerables para superar las situaciones de pobreza y exclusi\u00f3n social.<\/p>\n<p><strong>Esta iniciativa est\u00e1 impulsada por la empresa Riojadhesivos, cuenta con la colaboraci\u00f3n de la Cofrad\u00eda del Vino de Rioja y apadrinada por Carlos Echapresto (Premio Nacional de Gastronom\u00eda como mejor sumiller).<\/strong><\/p>\n<\/div>\n<\/div>\n<h3>Por cada botella se donar\u00e1 2\u20ac a C\u00e1ritas.<\/h3>\n<h3><\/h3>\n<p><img loading=\"lazy\" decoding=\"async\" class=\"icono-cata alignnone wp-image-157 size-full\" src=\"https:\/\/bodegaslecea.com\/wp-content\/uploads\/2020\/02\/variedad.png\" alt=\"Icono variedad de uva\" width=\"50\" height=\"50\" \/> Tempranillo 100%<\/p>\n<p><img loading=\"lazy\" decoding=\"async\" class=\"icono-cata alignnone wp-image-153 size-full\" src=\"https:\/\/bodegaslecea.com\/wp-content\/uploads\/2020\/02\/crianza.png\" alt=\"Icono crianza en barrica\" width=\"50\" height=\"50\" \/> 12 meses<\/p>\n<p><img loading=\"lazy\" decoding=\"async\" class=\"icono-cata alignnone wp-image-154 size-full\" src=\"https:\/\/bodegaslecea.com\/wp-content\/uploads\/2020\/02\/maridaje-cata.png\" alt=\"Icono maridaje\" width=\"50\" height=\"50\" \/> Carne asada, guisos<\/p>\n<p><img loading=\"lazy\" decoding=\"async\" class=\"icono-cata alignnone wp-image-156 size-full\" src=\"https:\/\/bodegaslecea.com\/wp-content\/uploads\/2020\/02\/temperatura-cata.png\" alt=\"Icono temperatura de servicio\" width=\"50\" height=\"50\" \/> Servir entre 15\u00ba-17\u00ba<\/p>\n<p><img loading=\"lazy\" decoding=\"async\" class=\"icono-cata alignnone wp-image-158 size-full\" src=\"https:\/\/bodegaslecea.com\/wp-content\/uploads\/2020\/02\/vista-cata.png\" alt=\"Icono vista\" width=\"50\" height=\"50\" \/> Rojo rub\u00ed brillante<\/p>\n<p><img loading=\"lazy\" decoding=\"async\" class=\"icono-cata alignnone wp-image-155 size-full\" src=\"https:\/\/bodegaslecea.com\/wp-content\/uploads\/2020\/02\/nariz-cata.png\" alt=\"Icono cata en nariz\" width=\"50\" height=\"50\" \/> Frutas rojas, especias y vainilla de la madera<\/p>\n<p><img loading=\"lazy\" decoding=\"async\" class=\"icono-cata alignnone wp-image-151 size-full\" src=\"https:\/\/bodegaslecea.com\/wp-content\/uploads\/2020\/02\/boca-cata.png\" alt=\"Icono cata en boca\" width=\"50\" height=\"50\" \/> Acidez bien integrada, un vino equilibrado y elegante con notas afrutadas y\u00a0 con final largo.<\/p>\n<p>Grado alcoh\u00f3lico: 14%<\/p>\n<p>Contiene Sulfitos<\/p>\n<p>&nbsp;<\/p>\n<p>&nbsp;<\/p>\n","protected":false},"featured_media":43479,"comment_status":"closed","ping_status":"closed","template":"","meta":{"_joinchat":[]},"product_brand":[],"product_cat":[22,40,7],"product_tag":[],"class_list":{"0":"post-43411","1":"product","2":"type-product","3":"status-publish","4":"has-post-thumbnail","6":"product_cat-coleccion-lecea","7":"product_cat-regala-vino","8":"product_cat-vino","10":"first","11":"instock","12":"shipping-taxable","13":"purchasable","14":"product-type-simple"},"_links":{"self":[{"href":"https:\/\/www.bodegaslecea.com\/en\/wp-json\/wp\/v2\/product\/43411","targetHints":{"allow":["GET"]}}],"collection":[{"href":"https:\/\/www.bodegaslecea.com\/en\/wp-json\/wp\/v2\/product"}],"about":[{"href":"https:\/\/www.bodegaslecea.com\/en\/wp-json\/wp\/v2\/types\/product"}],"replies":[{"embeddable":true,"href":"https:\/\/www.bodegaslecea.com\/en\/wp-json\/wp\/v2\/comments?post=43411"}],"wp:featuredmedia":[{"embeddable":true,"href":"https:\/\/www.bodegaslecea.com\/en\/wp-json\/wp\/v2\/media\/43479"}],"wp:attachment":[{"href":"https:\/\/www.bodegaslecea.com\/en\/wp-json\/wp\/v2\/media?parent=43411"}],"wp:term":[{"taxonomy":"product_brand","embeddable":true,"href":"https:\/\/www.bodegaslecea.com\/en\/wp-json\/wp\/v2\/product_brand?post=43411"},{"taxonomy":"product_cat","embeddable":true,"href":"https:\/\/www.bodegaslecea.com\/en\/wp-json\/wp\/v2\/product_cat?post=43411"},{"taxonomy":"product_tag","embeddable":true,"href":"https:\/\/www.bodegaslecea.com\/en\/wp-json\/wp\/v2\/product_tag?post=43411"}],"curies":[{"name":"wp","href":"https:\/\/api.w.org\/{rel}","templated":true}]}}