{"id":3710,"date":"2021-02-05T12:06:34","date_gmt":"2021-02-05T11:06:34","guid":{"rendered":"https:\/\/www.bodegaslecea.com\/?post_type=product&#038;p=3710"},"modified":"2026-04-20T13:06:42","modified_gmt":"2026-04-20T11:06:42","slug":"pack-dia-de-la-madre-2","status":"publish","type":"product","link":"https:\/\/www.bodegaslecea.com\/en\/tienda\/pack-dia-de-la-madre-2\/","title":{"rendered":"Pack D\u00eda de la Madre"},"content":{"rendered":"<p>Lote de 3 botellas, gasto de env\u00edo inclu\u00eddos<\/p>\n","protected":false},"excerpt":{"rendered":"<p>Un regalo especial para el d\u00eda de la madre que incluye:<\/p>\n<ul>\n<li class=\"woocommerce-loop-product__title\">Lecea Blanco Crianza<\/li>\n<li class=\"woocommerce-loop-product__title\">Coraz\u00f3n de Lago<\/li>\n<li class=\"woocommerce-loop-product__title\">Eluan, blanco semidulce<\/li>\n<li>Libro par\u00e1bolas para volar dedicado<\/li>\n<\/ul>\n","protected":false},"featured_media":46685,"comment_status":"closed","ping_status":"closed","template":"","meta":{"_joinchat":[]},"product_brand":[],"product_cat":[40,7],"product_tag":[],"class_list":{"0":"post-3710","1":"product","2":"type-product","3":"status-publish","4":"has-post-thumbnail","6":"product_cat-regala-vino","7":"product_cat-vino","9":"first","10":"instock","11":"shipping-taxable","12":"purchasable","13":"product-type-simple"},"_links":{"self":[{"href":"https:\/\/www.bodegaslecea.com\/en\/wp-json\/wp\/v2\/product\/3710","targetHints":{"allow":["GET"]}}],"collection":[{"href":"https:\/\/www.bodegaslecea.com\/en\/wp-json\/wp\/v2\/product"}],"about":[{"href":"https:\/\/www.bodegaslecea.com\/en\/wp-json\/wp\/v2\/types\/product"}],"replies":[{"embeddable":true,"href":"https:\/\/www.bodegaslecea.com\/en\/wp-json\/wp\/v2\/comments?post=3710"}],"wp:featuredmedia":[{"embeddable":true,"href":"https:\/\/www.bodegaslecea.com\/en\/wp-json\/wp\/v2\/media\/46685"}],"wp:attachment":[{"href":"https:\/\/www.bodegaslecea.com\/en\/wp-json\/wp\/v2\/media?parent=3710"}],"wp:term":[{"taxonomy":"product_brand","embeddable":true,"href":"https:\/\/www.bodegaslecea.com\/en\/wp-json\/wp\/v2\/product_brand?post=3710"},{"taxonomy":"product_cat","embeddable":true,"href":"https:\/\/www.bodegaslecea.com\/en\/wp-json\/wp\/v2\/product_cat?post=3710"},{"taxonomy":"product_tag","embeddable":true,"href":"https:\/\/www.bodegaslecea.com\/en\/wp-json\/wp\/v2\/product_tag?post=3710"}],"curies":[{"name":"wp","href":"https:\/\/api.w.org\/{rel}","templated":true}]}}