{"id":3629,"date":"2021-01-27T12:54:01","date_gmt":"2021-01-27T11:54:01","guid":{"rendered":"https:\/\/www.bodegaslecea.com\/?post_type=product&#038;p=3629"},"modified":"2024-02-07T09:18:37","modified_gmt":"2024-02-07T08:18:37","slug":"cuevas-de-lecea-2017-cofre-de-madera","status":"publish","type":"product","link":"https:\/\/www.bodegaslecea.com\/en\/tienda\/cuevas-de-lecea-2017-cofre-de-madera\/","title":{"rendered":"Cuevas de Lecea Cofre"},"content":{"rendered":"<p>bot Cuevas de Lecea + cofre artesanal de madera<\/p>\n","protected":false},"excerpt":{"rendered":"<p>Cuevas de Lecea es un \u00abvino de Cueva\u00bb elaborado en el Hist\u00f3rico Barrio de las Bodegas de San Asensio, en los calados del siglo XVI por la Familia Lecea<\/p>\n<p><em>Vi\u00f1edos viejos de la Familia Lecea en San Asensio, con bajo rendimiento y gran calidad. Suelos arcillo-calc\u00e1reos para un vino elegante, sedoso y de gran expresividad. Una edici\u00f3n limitada de 2700 botellas que lleva por nombre nuestro patrimonio subterr\u00e1neo<\/em><\/p>\n<p><img loading=\"lazy\" decoding=\"async\" class=\"icono-cata alignnone wp-image-157 size-full\" src=\"https:\/\/bodegaslecea.com\/wp-content\/uploads\/2020\/02\/variedad.png\" alt=\"Icono variedad de uva\" width=\"50\" height=\"50\" \/>\u00a0Tempranillo 95%. Mazuelo 5% Vin\u0303edos de ma\u0301s de 40 an\u0303os<\/p>\n<p><img loading=\"lazy\" decoding=\"async\" class=\"icono-cata alignnone wp-image-153 size-full\" src=\"https:\/\/bodegaslecea.com\/wp-content\/uploads\/2020\/02\/crianza.png\" alt=\"Icono crianza en barrica\" width=\"50\" height=\"50\" \/>\u00a020 meses\u00a0 \u00a0 \u00a0 \u00a0 \u00a0 \u00a0<img loading=\"lazy\" decoding=\"async\" class=\"alignnone size-full wp-image-152\" src=\"https:\/\/bodegaslecea.com\/wp-content\/uploads\/2020\/02\/botella.png\" alt=\"Icono tiempo en botella\" width=\"50\" height=\"50\" \/>\u00a012 meses<\/p>\n<p><img loading=\"lazy\" decoding=\"async\" class=\"icono-cata alignnone wp-image-154 size-full\" src=\"https:\/\/bodegaslecea.com\/wp-content\/uploads\/2020\/02\/maridaje-cata.png\" alt=\"Icono maridaje\" width=\"50\" height=\"50\" \/>\u00a0Carnes rojas, guisos\u00a0<img loading=\"lazy\" decoding=\"async\" class=\"icono-cata alignnone wp-image-156 size-full\" src=\"https:\/\/bodegaslecea.com\/wp-content\/uploads\/2020\/02\/temperatura-cata.png\" alt=\"Icono temperatura de servicio\" width=\"50\" height=\"50\" \/>\u00a0Servir entre 16\u00ba y 18\u00ba<\/p>\n<p><img loading=\"lazy\" decoding=\"async\" class=\"icono-cata alignnone wp-image-158 size-full\" src=\"https:\/\/bodegaslecea.com\/wp-content\/uploads\/2020\/02\/vista-cata.png\" alt=\"Icono vista\" width=\"50\" height=\"50\" \/>\u00a0Cereza y rub\u00ed\u00a0<img loading=\"lazy\" decoding=\"async\" class=\"icono-cata alignnone wp-image-155 size-full\" src=\"https:\/\/bodegaslecea.com\/wp-content\/uploads\/2020\/02\/nariz-cata.png\" alt=\"Icono cata en nariz\" width=\"50\" height=\"50\" \/>\u00a0Madera, tabaco y regaliz\u00a0<img loading=\"lazy\" decoding=\"async\" class=\"icono-cata alignnone wp-image-151 size-full\" src=\"https:\/\/bodegaslecea.com\/wp-content\/uploads\/2020\/02\/boca-cata.png\" alt=\"Icono cata en boca\" width=\"50\" height=\"50\" \/>\u00a0Elegante, sabroso y muy aroma\u0301tico<\/p>\n<p>&nbsp;<\/p>\n<p>Grado alcoh\u00f3lico: 14,5%<\/p>\n<p>Contiene Sulfitos<\/p>\n","protected":false},"featured_media":3630,"comment_status":"closed","ping_status":"closed","template":"","meta":{"_joinchat":[]},"product_brand":[],"product_cat":[7,21,52],"product_tag":[],"class_list":{"0":"post-3629","1":"product","2":"type-product","3":"status-publish","4":"has-post-thumbnail","6":"product_cat-vino","7":"product_cat-vinos-autor","8":"product_cat-vinos-de-autor","10":"first","11":"instock","12":"sale","13":"shipping-taxable","14":"purchasable","15":"product-type-simple"},"_links":{"self":[{"href":"https:\/\/www.bodegaslecea.com\/en\/wp-json\/wp\/v2\/product\/3629","targetHints":{"allow":["GET"]}}],"collection":[{"href":"https:\/\/www.bodegaslecea.com\/en\/wp-json\/wp\/v2\/product"}],"about":[{"href":"https:\/\/www.bodegaslecea.com\/en\/wp-json\/wp\/v2\/types\/product"}],"replies":[{"embeddable":true,"href":"https:\/\/www.bodegaslecea.com\/en\/wp-json\/wp\/v2\/comments?post=3629"}],"wp:featuredmedia":[{"embeddable":true,"href":"https:\/\/www.bodegaslecea.com\/en\/wp-json\/wp\/v2\/media\/3630"}],"wp:attachment":[{"href":"https:\/\/www.bodegaslecea.com\/en\/wp-json\/wp\/v2\/media?parent=3629"}],"wp:term":[{"taxonomy":"product_brand","embeddable":true,"href":"https:\/\/www.bodegaslecea.com\/en\/wp-json\/wp\/v2\/product_brand?post=3629"},{"taxonomy":"product_cat","embeddable":true,"href":"https:\/\/www.bodegaslecea.com\/en\/wp-json\/wp\/v2\/product_cat?post=3629"},{"taxonomy":"product_tag","embeddable":true,"href":"https:\/\/www.bodegaslecea.com\/en\/wp-json\/wp\/v2\/product_tag?post=3629"}],"curies":[{"name":"wp","href":"https:\/\/api.w.org\/{rel}","templated":true}]}}