{"id":3623,"date":"2021-01-27T11:49:44","date_gmt":"2021-01-27T10:49:44","guid":{"rendered":"https:\/\/www.bodegaslecea.com\/?post_type=product&#038;p=3623"},"modified":"2025-12-22T10:42:04","modified_gmt":"2025-12-22T09:42:04","slug":"lecea-gran-reserva","status":"publish","type":"product","link":"https:\/\/www.bodegaslecea.com\/en\/tienda\/lecea-gran-reserva\/","title":{"rendered":"Lecea Gran Reserva 2012"},"content":{"rendered":"<p>1 bot, 3 y 6 botellas<\/p>\n","protected":false},"excerpt":{"rendered":"<h3>1 bot, caja de 3 y 6 botellas<\/h3>\n<p><img loading=\"lazy\" decoding=\"async\" class=\"icono-cata alignnone wp-image-157 size-full\" src=\"https:\/\/bodegaslecea.com\/wp-content\/uploads\/2020\/02\/variedad.png\" alt=\"Icono variedad de uva\" width=\"50\" height=\"50\" \/> Tempranillo 100%. Vin\u0303edos de ma\u0301s de 40 an\u0303os<\/p>\n<p><img loading=\"lazy\" decoding=\"async\" class=\"icono-cata alignnone wp-image-153 size-full\" src=\"https:\/\/bodegaslecea.com\/wp-content\/uploads\/2020\/02\/crianza.png\" alt=\"Icono crianza en barrica\" width=\"50\" height=\"50\" \/> 30 meses<\/p>\n<p><img loading=\"lazy\" decoding=\"async\" class=\"alignnone size-full wp-image-152\" src=\"https:\/\/bodegaslecea.com\/wp-content\/uploads\/2020\/02\/botella.png\" alt=\"Icono tiempo en botella\" width=\"50\" height=\"50\" \/> 36 meses<\/p>\n<p><img loading=\"lazy\" decoding=\"async\" class=\"icono-cata alignnone wp-image-154 size-full\" src=\"https:\/\/bodegaslecea.com\/wp-content\/uploads\/2020\/02\/maridaje-cata.png\" alt=\"Icono maridaje\" width=\"50\" height=\"50\" \/> Carne asada, guisos<\/p>\n<p><img loading=\"lazy\" decoding=\"async\" class=\"icono-cata alignnone wp-image-156 size-full\" src=\"https:\/\/bodegaslecea.com\/wp-content\/uploads\/2020\/02\/temperatura-cata.png\" alt=\"Icono temperatura de servicio\" width=\"50\" height=\"50\" \/> Servir entre 15\u00ba y 17\u00ba<\/p>\n<p><img loading=\"lazy\" decoding=\"async\" class=\"icono-cata alignnone wp-image-158 size-full\" src=\"https:\/\/bodegaslecea.com\/wp-content\/uploads\/2020\/02\/vista-cata.png\" alt=\"Icono vista\" width=\"50\" height=\"50\" \/> Cereza y rub\u00ed<\/p>\n<p><img loading=\"lazy\" decoding=\"async\" class=\"icono-cata alignnone wp-image-155 size-full\" src=\"https:\/\/bodegaslecea.com\/wp-content\/uploads\/2020\/02\/nariz-cata.png\" alt=\"Icono cata en nariz\" width=\"50\" height=\"50\" \/> Madera, tabaco y regaliz<\/p>\n<p><img loading=\"lazy\" decoding=\"async\" class=\"icono-cata alignnone wp-image-151 size-full\" src=\"https:\/\/bodegaslecea.com\/wp-content\/uploads\/2020\/02\/boca-cata.png\" alt=\"Icono cata en boca\" width=\"50\" height=\"50\" \/> Elegante, sabroso y muy aroma\u0301tico<\/p>\n<p>Grado alcoh\u00f3lico: 15%<\/p>\n<p>Contiene Sulfitos<\/p>\n<p>(*) Este vino se elabora \u00fanicamente en a\u00f1adas muy buenas o excelentes. A\u00d1ADA ACTUAL DISPONIBLE: 2012<\/p>\n","protected":false},"featured_media":163,"comment_status":"closed","ping_status":"closed","template":"","meta":{"_joinchat":[]},"product_brand":[],"product_cat":[50,22,7],"product_tag":[],"class_list":{"0":"post-3623","1":"product","2":"type-product","3":"status-publish","4":"has-post-thumbnail","6":"product_cat-clasicos","7":"product_cat-coleccion-lecea","8":"product_cat-vino","10":"first","11":"instock","12":"shipping-taxable","13":"purchasable","14":"product-type-variable"},"_links":{"self":[{"href":"https:\/\/www.bodegaslecea.com\/en\/wp-json\/wp\/v2\/product\/3623","targetHints":{"allow":["GET"]}}],"collection":[{"href":"https:\/\/www.bodegaslecea.com\/en\/wp-json\/wp\/v2\/product"}],"about":[{"href":"https:\/\/www.bodegaslecea.com\/en\/wp-json\/wp\/v2\/types\/product"}],"replies":[{"embeddable":true,"href":"https:\/\/www.bodegaslecea.com\/en\/wp-json\/wp\/v2\/comments?post=3623"}],"wp:featuredmedia":[{"embeddable":true,"href":"https:\/\/www.bodegaslecea.com\/en\/wp-json\/wp\/v2\/media\/163"}],"wp:attachment":[{"href":"https:\/\/www.bodegaslecea.com\/en\/wp-json\/wp\/v2\/media?parent=3623"}],"wp:term":[{"taxonomy":"product_brand","embeddable":true,"href":"https:\/\/www.bodegaslecea.com\/en\/wp-json\/wp\/v2\/product_brand?post=3623"},{"taxonomy":"product_cat","embeddable":true,"href":"https:\/\/www.bodegaslecea.com\/en\/wp-json\/wp\/v2\/product_cat?post=3623"},{"taxonomy":"product_tag","embeddable":true,"href":"https:\/\/www.bodegaslecea.com\/en\/wp-json\/wp\/v2\/product_tag?post=3623"}],"curies":[{"name":"wp","href":"https:\/\/api.w.org\/{rel}","templated":true}]}}