{"id":17334,"date":"2023-03-30T13:41:12","date_gmt":"2023-03-30T11:41:12","guid":{"rendered":"https:\/\/www.bodegaslecea.com\/?post_type=product&#038;p=17334"},"modified":"2023-11-27T13:05:54","modified_gmt":"2023-11-27T12:05:54","slug":"parabolasparavolarlibro","status":"publish","type":"product","link":"https:\/\/www.bodegaslecea.com\/en\/tienda\/parabolasparavolarlibro\/","title":{"rendered":"Par\u00e1bolas para volar (libro)"},"content":{"rendered":"<p><em>Vino-Libro<\/em><\/p>\n","protected":false},"excerpt":{"rendered":"<p><em>\u201cComo si hubi\u00e9ramos doblado un mapa y se hubiera quedado pegado el reflejo de un sue\u00f1o que tiene el color de otro pa\u00eds. Es el vuelo de un viaje hecho vino, una aventura a la orillita de un continente, en el \u00faltimo pa\u00eds de este mundo. Un pa\u00eds con forma de pluma, que est\u00e1 a punto de caerse al infinito y en frente de \u00e9l tan s\u00f3lo hay otro mundo que vuelve a empezar. Un viaje por la enorme Am\u00e9rica Latina. Un amor con forma de continente. Un vi\u00f1edo, el mar de fondo, y una br\u00fajula que nos indica en qu\u00e9 direcci\u00f3n debemos volver al pueblo\u201d <\/em><\/p>\n<p>&nbsp;<\/p>\n<p><strong>Par\u00e1bolas para volar<\/strong>\u00a0es cr\u00f3nica de viajes y poes\u00eda; tambi\u00e9n es nacimiento, crecimiento personal, es celebraci\u00f3n.<\/p>\n<p><strong>Par\u00e1bolas para volar\u00a0<\/strong>habla de un camino (interno y externo) y de las experiencias que este deja; es el relato de un viaje del alma y el cuerpo, es un contacto \u00edntimo con personas y lugares tan nuevos como anhelados. Pero, sobre todo, es vino, que cosquillea en la garganta, entibia el pecho y transcurre en la sangre<\/p>\n<h2>15\u20ac<\/h2>\n","protected":false},"featured_media":17311,"comment_status":"closed","ping_status":"closed","template":"","meta":{"_joinchat":[]},"product_brand":[],"product_cat":[49,52,21],"product_tag":[],"class_list":{"0":"post-17334","1":"product","2":"type-product","3":"status-publish","4":"has-post-thumbnail","6":"product_cat-parabolas-para-volar","7":"product_cat-vinos-de-autor","8":"product_cat-vinos-autor","10":"first","11":"instock","12":"shipping-taxable","13":"purchasable","14":"product-type-simple"},"_links":{"self":[{"href":"https:\/\/www.bodegaslecea.com\/en\/wp-json\/wp\/v2\/product\/17334","targetHints":{"allow":["GET"]}}],"collection":[{"href":"https:\/\/www.bodegaslecea.com\/en\/wp-json\/wp\/v2\/product"}],"about":[{"href":"https:\/\/www.bodegaslecea.com\/en\/wp-json\/wp\/v2\/types\/product"}],"replies":[{"embeddable":true,"href":"https:\/\/www.bodegaslecea.com\/en\/wp-json\/wp\/v2\/comments?post=17334"}],"wp:featuredmedia":[{"embeddable":true,"href":"https:\/\/www.bodegaslecea.com\/en\/wp-json\/wp\/v2\/media\/17311"}],"wp:attachment":[{"href":"https:\/\/www.bodegaslecea.com\/en\/wp-json\/wp\/v2\/media?parent=17334"}],"wp:term":[{"taxonomy":"product_brand","embeddable":true,"href":"https:\/\/www.bodegaslecea.com\/en\/wp-json\/wp\/v2\/product_brand?post=17334"},{"taxonomy":"product_cat","embeddable":true,"href":"https:\/\/www.bodegaslecea.com\/en\/wp-json\/wp\/v2\/product_cat?post=17334"},{"taxonomy":"product_tag","embeddable":true,"href":"https:\/\/www.bodegaslecea.com\/en\/wp-json\/wp\/v2\/product_tag?post=17334"}],"curies":[{"name":"wp","href":"https:\/\/api.w.org\/{rel}","templated":true}]}}