{"id":170,"date":"2020-02-02T17:18:56","date_gmt":"2020-02-02T16:18:56","guid":{"rendered":"http:\/\/davide24.sg-host.com\/?post_type=product&#038;p=170"},"modified":"2025-12-22T13:01:38","modified_gmt":"2025-12-22T12:01:38","slug":"corazon-de-lago","status":"publish","type":"product","link":"https:\/\/www.bodegaslecea.com\/en\/tienda\/corazon-de-lago\/","title":{"rendered":"Coraz\u00f3n de Lago"},"content":{"rendered":"<p>Cajas de 3 y 6 botellas<\/p>\n","protected":false},"excerpt":{"rendered":"<h3>caja de 3 y 6 botellas<\/h3>\n<p><img loading=\"lazy\" decoding=\"async\" class=\"icono-cata alignnone wp-image-157 size-full\" src=\"https:\/\/bodegaslecea.com\/wp-content\/uploads\/2020\/02\/variedad.png\" alt=\"Icono variedad de uva\" width=\"50\" height=\"50\" \/> Tempranillo 100%.<\/p>\n<p><img loading=\"lazy\" decoding=\"async\" class=\"icono-cata alignnone wp-image-154 size-full\" src=\"https:\/\/bodegaslecea.com\/wp-content\/uploads\/2020\/02\/maridaje-cata.png\" alt=\"Icono maridaje\" width=\"50\" height=\"50\" \/> Carnes rojas, asados, quesos<\/p>\n<p><img loading=\"lazy\" decoding=\"async\" class=\"icono-cata alignnone wp-image-156 size-full\" src=\"https:\/\/bodegaslecea.com\/wp-content\/uploads\/2020\/02\/temperatura-cata.png\" alt=\"Icono temperatura de servicio\" width=\"50\" height=\"50\" \/> Servir entre 12\u00ba y 13\u00ba<\/p>\n<p><img loading=\"lazy\" decoding=\"async\" class=\"icono-cata alignnone wp-image-158 size-full\" src=\"https:\/\/bodegaslecea.com\/wp-content\/uploads\/2020\/02\/vista-cata.png\" alt=\"Icono vista\" width=\"50\" height=\"50\" \/> Cereza, violeta<\/p>\n<p><img loading=\"lazy\" decoding=\"async\" class=\"icono-cata alignnone wp-image-155 size-full\" src=\"https:\/\/bodegaslecea.com\/wp-content\/uploads\/2020\/02\/nariz-cata.png\" alt=\"Icono cata en nariz\" width=\"50\" height=\"50\" \/> Intenso frutal y floral<\/p>\n<p><img loading=\"lazy\" decoding=\"async\" class=\"icono-cata alignnone wp-image-151 size-full\" src=\"https:\/\/bodegaslecea.com\/wp-content\/uploads\/2020\/02\/boca-cata.png\" alt=\"Icono cata en boca\" width=\"50\" height=\"50\" \/> Sabroso y largo retrogusto<\/p>\n<p>Grado alcoh\u00f3lico: 14,5%<\/p>\n<p>Contiene Sulfitos<\/p>\n<p>Este vino se elabora a partir de uvas seleccionadas de vi\u00f1edos con edad superior a 25 a\u00f1os. Su elaboraci\u00f3n es\u00a0 <strong>totalmente artesanal<\/strong>: la uva es depositada entera en el lagar y pasados unos quince d\u00edas se realiza el pisado de la uva como hace 100 a\u00f1os para luego acabar el proceso en con el prensado el trujal de mano. De los 20.000 kg de uva recogida se obtienen unas 4.000 botellas de vino seleccionado que sale al mercado con el nombre Coraz\u00f3n de Lago.<\/p>\n<p><a href=\"\/wp-content\/themes\/Lecea\/fichas\/corazon-de-lago.jpg\" target=\"_blank\" rel=\"noopener noreferrer\">Descargar ficha<\/a><\/p>\n<p><em>*Durante un fin de semana de octubre, Bodegas Lecea organiza unas Jornadas en las que muestra la elaboraci\u00f3n de este vino de la manera tradicional. <a href=\"\/fiesta-del-pisado-de-la-uva\/\" target=\"_blank\" rel=\"noopener noreferrer\">M\u00e1s info sobre pisado de la uva<\/a><\/em><\/p>\n<p>&nbsp;<\/p>\n","protected":false},"featured_media":19883,"comment_status":"closed","ping_status":"closed","template":"","meta":{"_joinchat":[]},"product_brand":[],"product_cat":[22,7,52,21],"product_tag":[],"class_list":{"0":"post-170","1":"product","2":"type-product","3":"status-publish","4":"has-post-thumbnail","6":"product_cat-coleccion-lecea","7":"product_cat-vino","8":"product_cat-vinos-de-autor","9":"product_cat-vinos-autor","11":"first","12":"instock","13":"shipping-taxable","14":"purchasable","15":"product-type-variable"},"_links":{"self":[{"href":"https:\/\/www.bodegaslecea.com\/en\/wp-json\/wp\/v2\/product\/170","targetHints":{"allow":["GET"]}}],"collection":[{"href":"https:\/\/www.bodegaslecea.com\/en\/wp-json\/wp\/v2\/product"}],"about":[{"href":"https:\/\/www.bodegaslecea.com\/en\/wp-json\/wp\/v2\/types\/product"}],"replies":[{"embeddable":true,"href":"https:\/\/www.bodegaslecea.com\/en\/wp-json\/wp\/v2\/comments?post=170"}],"wp:featuredmedia":[{"embeddable":true,"href":"https:\/\/www.bodegaslecea.com\/en\/wp-json\/wp\/v2\/media\/19883"}],"wp:attachment":[{"href":"https:\/\/www.bodegaslecea.com\/en\/wp-json\/wp\/v2\/media?parent=170"}],"wp:term":[{"taxonomy":"product_brand","embeddable":true,"href":"https:\/\/www.bodegaslecea.com\/en\/wp-json\/wp\/v2\/product_brand?post=170"},{"taxonomy":"product_cat","embeddable":true,"href":"https:\/\/www.bodegaslecea.com\/en\/wp-json\/wp\/v2\/product_cat?post=170"},{"taxonomy":"product_tag","embeddable":true,"href":"https:\/\/www.bodegaslecea.com\/en\/wp-json\/wp\/v2\/product_tag?post=170"}],"curies":[{"name":"wp","href":"https:\/\/api.w.org\/{rel}","templated":true}]}}