{"id":12818,"date":"2022-06-07T11:30:38","date_gmt":"2022-06-07T09:30:38","guid":{"rendered":"https:\/\/www.bodegaslecea.com\/?post_type=product&#038;p=12818"},"modified":"2025-03-18T13:32:17","modified_gmt":"2025-03-18T12:32:17","slug":"paseo-en-coche-clasico-entre-vinedos","status":"publish","type":"product","link":"https:\/\/www.bodegaslecea.com\/en\/tienda\/paseo-en-coche-clasico-entre-vinedos\/","title":{"rendered":"PASEO EN COCHE CL\u00c1SICO ENTRE VI\u00d1EDOS"},"content":{"rendered":"","protected":false},"excerpt":{"rendered":"<div>\n<div class=\"wpb_text_column wpb_content_element vc_custom_1674556462005\">\n<div class=\"wpb_wrapper\">\n<p class=\"p1\">Disfruta de la aventura de un paseo en un coche cl\u00e1sico 4\u00d74 descapotable recorriendo el mar de vi\u00f1as de San Asensio, una manera diferente de conocer los paisajes de nuestra regi\u00f3n y sobre la agricultura que se realiza en Rioja.<\/p>\n<p>A continuaci\u00f3n<strong>\u00a0visita guiada a la bodega<\/strong>\u00a0del siglo XVI con degustaci\u00f3n de 3 vinos.<\/p>\n<p><strong>Duraci\u00f3n<\/strong>\u00a02 h aprox. Hora de comienzo 10:30h. Posibilidad de hacerlo con almuerzo (consultar).<\/p>\n<\/div>\n<\/div>\n<div class=\"vc-zigzag-wrapper vc-zigzag-align-center\">\n<div class=\"vc-zigzag-inner\"><strong>Confirmaci\u00f3n:<\/strong> Esta actividad requiere confirmaci\u00f3n, una vez seleccionada la fecha deseada deber\u00e1s pinchar sobre el bot\u00f3n \u2018Comprobar disponibilidad\u2019 e introduce tus datos personales, nos pondremos en contacto contigo a la mayor brevedad para indic\u00e1ndote la disponibilidad y enviarte un enlace a la p\u00e1gina de pago.<\/div>\n<\/div>\n<\/div>\n<p><strong>685 01 04 00 \/\u00a0<a href=\"mailto:info@bodegaslecea.com\" target=\"_blank\" rel=\"noopener noreferrer\">enoturismo@bodegaslecea.com<\/a><\/strong><\/p>\n","protected":false},"featured_media":12820,"comment_status":"closed","ping_status":"closed","template":"","meta":{"_joinchat":[]},"product_brand":[],"product_cat":[45],"product_tag":[],"class_list":{"0":"post-12818","1":"product","2":"type-product","3":"status-publish","4":"has-post-thumbnail","6":"product_cat-reservas","8":"first","9":"instock","10":"virtual","11":"sold-individually","12":"purchasable","13":"product-type-booking"},"_links":{"self":[{"href":"https:\/\/www.bodegaslecea.com\/en\/wp-json\/wp\/v2\/product\/12818","targetHints":{"allow":["GET"]}}],"collection":[{"href":"https:\/\/www.bodegaslecea.com\/en\/wp-json\/wp\/v2\/product"}],"about":[{"href":"https:\/\/www.bodegaslecea.com\/en\/wp-json\/wp\/v2\/types\/product"}],"replies":[{"embeddable":true,"href":"https:\/\/www.bodegaslecea.com\/en\/wp-json\/wp\/v2\/comments?post=12818"}],"wp:featuredmedia":[{"embeddable":true,"href":"https:\/\/www.bodegaslecea.com\/en\/wp-json\/wp\/v2\/media\/12820"}],"wp:attachment":[{"href":"https:\/\/www.bodegaslecea.com\/en\/wp-json\/wp\/v2\/media?parent=12818"}],"wp:term":[{"taxonomy":"product_brand","embeddable":true,"href":"https:\/\/www.bodegaslecea.com\/en\/wp-json\/wp\/v2\/product_brand?post=12818"},{"taxonomy":"product_cat","embeddable":true,"href":"https:\/\/www.bodegaslecea.com\/en\/wp-json\/wp\/v2\/product_cat?post=12818"},{"taxonomy":"product_tag","embeddable":true,"href":"https:\/\/www.bodegaslecea.com\/en\/wp-json\/wp\/v2\/product_tag?post=12818"}],"curies":[{"name":"wp","href":"https:\/\/api.w.org\/{rel}","templated":true}]}}