{"id":1847,"date":"2020-04-10T13:29:23","date_gmt":"2020-04-10T11:29:23","guid":{"rendered":"https:\/\/www.bodegaslecea.com\/aviso-legal\/"},"modified":"2020-06-01T12:08:04","modified_gmt":"2020-06-01T10:08:04","slug":"aviso-legal","status":"publish","type":"page","link":"https:\/\/www.bodegaslecea.com\/en\/aviso-legal\/","title":{"rendered":"Aviso legal (en())"},"content":{"rendered":"[vc_row type=&#8221;in_container&#8221; full_screen_row_position=&#8221;middle&#8221; column_margin=&#8221;default&#8221; scene_position=&#8221;center&#8221; text_color=&#8221;dark&#8221; text_align=&#8221;left&#8221; class=&#8221;pagina-legal&#8221; overlay_strength=&#8221;0.3&#8243; shape_divider_position=&#8221;bottom&#8221; bg_image_animation=&#8221;none&#8221; shape_type=&#8221;&#8221;][vc_column column_padding=&#8221;no-extra-padding&#8221; column_padding_position=&#8221;all&#8221; background_color_opacity=&#8221;1&#8243; background_hover_color_opacity=&#8221;1&#8243; column_link_target=&#8221;_self&#8221; column_shadow=&#8221;none&#8221; column_border_radius=&#8221;none&#8221; width=&#8221;1\/1&#8243; tablet_width_inherit=&#8221;default&#8221; tablet_text_alignment=&#8221;default&#8221; phone_text_alignment=&#8221;default&#8221; overlay_strength=&#8221;0.3&#8243; column_border_width=&#8221;none&#8221; column_border_style=&#8221;solid&#8221; bg_image_animation=&#8221;none&#8221;][vc_column_text](EN)Nuestro objetivo es que te sientas c\u00f3modo en nuestro sitio web. La protecci\u00f3n de tu privacidad es muy importante para nosotros. Por lo tanto, nos gustar\u00eda pedirte que leas detenidamente el siguiente resumen sobre c\u00f3mo funciona nuestro sitio web. Puedes confiar en un procesamiento de datos transparente y justo ya que nos esforzamos d\u00eda a d\u00eda para manejar tus datos de forma segura, cuidadosa y responsable.<\/p>\n<p>Las siguientes pol\u00edticas de privacidad est\u00e1n destinadas a informarte sobre c\u00f3mo usamos tu informaci\u00f3n personal cumpliendo con las disposiciones y requisitos del Reglamento General Europeo de Protecci\u00f3n de Datos<\/p>\n<ol>\n<li><strong> IDENTIFICACI\u00d3N.<\/strong><\/li>\n<\/ol>\n<ul>\n<li><strong>Titular:<\/strong> Bodegas Lecea S.L. (en adelante, \u00ab<strong>Bodegas Lecea<\/strong>\u00ab).<\/li>\n<li><strong>NIF:<\/strong> B26554758<\/li>\n<li><strong>Domicilio social:<\/strong> Calle Las Cuevas 246, 26340 San Asensio, La Rioja<\/li>\n<li><strong>Correo electr\u00f3nico: <\/strong><u><a href=\"mailto:info@bodegaslecea.com\">info@bodegaslecea.com<\/a><\/u><\/li>\n<li><strong>Responsable de Protecci\u00f3n de Datos: <\/strong>El usuario puede contactar con el Responsable de Protecci\u00f3n de Datos mediante escrito dirigido al domicilio a Bodegas Lecea o al correo electr\u00f3nico <u><a href=\"mailto:info@bodegaslecea.com\">info@bodegaslecea.com<\/a><\/u><\/li>\n<\/ul>\n<ol start=\"2\">\n<li><strong> INFORMACI\u00d3N Y CONSENTIMIENTO.<\/strong><\/li>\n<\/ol>\n<p>Mediante la lectura de la presente Pol\u00edtica de Privacidad, el usuario queda informado sobre la forma en la que Bodegas Lecea recaba, trata y protege los datos de car\u00e1cter personal que le son facilitados a trav\u00e9s de los formularios dispuestos a trav\u00e9s del sitio web <u>www.bodegaslecea.com<\/u> (en adelante, el \u201c<strong>Sitio Web<\/strong>\u201d), as\u00ed como los datos derivados de su navegaci\u00f3n y aquellos otros datos que pueda facilitar en un futuro a Bodegas Lecea.<\/p>\n<p>El usuario debe leer con atenci\u00f3n esta Pol\u00edtica de Privacidad, que ha sido redactada de forma clara y sencilla, para facilitar su comprensi\u00f3n, determinando libre y voluntariamente si desea facilitar sus datos personales a Bodegas Lecea.<\/p>\n<ol start=\"3\">\n<li><strong> OBLIGATORIEDAD DE FACILITAR LOS DATOS.<\/strong><\/li>\n<\/ol>\n<p>Los datos solicitados en los formularios dispuestos en el Sitio Web son, con car\u00e1cter general, obligatorios (salvo que en el campo requerido se especifique lo contrario) para cumplir con las finalidades establecidas.<\/p>\n<p>Por lo tanto, si no se facilitan dichos datos o estos no son correctos no podr\u00e1n atenderse las mismas.<\/p>\n<ol start=\"4\">\n<li><strong> \u00bfCON QU\u00c9 FINALIDAD TRATAR\u00c1 BODEGAS LECEA LOS DATOS PERSONALES DEL USUARIO Y DURANTE CU\u00c1NTO TIEMPO?<\/strong><\/li>\n<\/ol>\n<p>Los datos personales recabados ser\u00e1n tratados por Bodegas Lecea conforme a las siguientes finalidades:<\/p>\n<ul>\n<li>Gestionar sus solicitudes de contacto con Bodegas Lecea a trav\u00e9s de los canales dispuestos para ello en el Sitio Web de Bodegas Lecea.<\/li>\n<li>Gestionar las compras efectuadas en el marco del Sitio Web, incluyendo la gesti\u00f3n del pago y la remisi\u00f3n del pedido.<\/li>\n<li>Gestionar la suscripci\u00f3n a la newsletter, realizada a trav\u00e9s del canal dispuesto en el Sitio Web de Bodegas Lecea.<\/li>\n<li>Efectuar an\u00e1lisis sobre la utilizaci\u00f3n del Sitio Web y comprobar las preferencias y comportamiento de los usuarios.<\/li>\n<li>Gestionar el env\u00edo de comunicaciones comerciales de Bodegas Lecea, salvo que el usuario indique lo contrario marcando la casilla correspondiente, o muestre su oposici\u00f3n a dicho tratamiento.<\/li>\n<li>Gestionar el env\u00edo de encuestas de satisfacci\u00f3n en base a la compra del producto o servicio de Bodegas Lecea realizada, mara mejorar d\u00eda a d\u00eda la experiencia de nuestros clientes.<\/li>\n<li>Analizar sus datos a fin de elaborar perfiles de usuario que permitan definir con mayor detalle los productos que puedan resultar de su inter\u00e9s.<\/li>\n<\/ul>\n<p>Los datos se conservar\u00e1n durante el tiempo necesario para la realizaci\u00f3n de las finalidades para las que fueron recabados, salvo que el usuario solicite su baja a Bodegas Lecea, oponi\u00e9ndose o revocando su consentimiento.<\/p>\n<ol start=\"5\">\n<li><strong> \u00bfQU\u00c9 DATOS DEL USUARIO TRATAR\u00c1 BODEGAS LECEA?<\/strong><\/li>\n<\/ol>\n<p>Bodegas Lecea tratar\u00e1 las siguientes categor\u00edas de datos:<\/p>\n<ul>\n<li>Datos identificativos: nombre, apellidos, documento nacional de identidad o n\u00famero de identidad de extranjero e imagen.<\/li>\n<li>Datos de contacto: domicilio, tel\u00e9fono fijo, tel\u00e9fono m\u00f3vil, direcci\u00f3n de correo electr\u00f3nico.<\/li>\n<li>Datos de caracter\u00edsticas personales: fecha de nacimiento, edad, sexo, nacionalidad.<\/li>\n<li>Datos bancarios: n\u00famero de cuenta, titular, mandato SEPA.<\/li>\n<li>Datos econ\u00f3micos, financieros y de seguros: ingresos y rentas.<\/li>\n<li>Otros datos: datos facilitados por los propios interesados en los campos abiertos de los formularios dispuestos en el Sitio Web.<\/li>\n<li>Datos de navegaci\u00f3n.<\/li>\n<\/ul>\n<p>En caso de que el usuario facilite datos de terceros, manifiesta contar con el consentimiento de los mismos y se compromete a trasladar al interesado, titular de dichos datos, la informaci\u00f3n contenida en la Pol\u00edtica de Privacidad, eximiendo a Bodegas Lecea de cualquier responsabilidad en este sentido. No obstante, Bodegas Lecea podr\u00e1 llevar a cabo las verificaciones necesarias para constatar este hecho, adoptando las medidas de diligencia debida que correspondan, conforme a la normativa de protecci\u00f3n de datos.<\/p>\n<ol start=\"6\">\n<li><strong> COOKIES, SERVICIOS DE AN\u00c1LISIS WEB Y REDES SOCIALES<\/strong><\/li>\n<\/ol>\n<p>Utilizamos cookies, servicios de an\u00e1lisis web y complementos de redes sociales en nuestro sitio web para mejorar tu experiencia de navegaci\u00f3n. Para consultar nuestra pol\u00edtica de cookies, haz click <a href=\"http:\/\/www.bodegaslecea.com\/cookies\/\">aqu\u00ed<\/a>.<\/p>\n<ol start=\"7\">\n<li><strong> \u00bfCU\u00c1L ES LA LEGITIMACI\u00d3N DEL TRATAMIENTO DE TUS DATOS?<\/strong><\/li>\n<\/ol>\n<p>El tratamiento de datos para la adquisici\u00f3n de productos por medio del Sitio Web ser\u00e1 necesario para el cumplimiento de la relaci\u00f3n contractual surgida entre el usuario y Bodegas Lecea.<\/p>\n<p>El tratamiento de sus datos con fines de marketing, relativo a bienes y servicios propios de Bodegas Lecea y servicios an\u00e1logos para sus clientes, se basar\u00e1 en el inter\u00e9s leg\u00edtimo reconocido por la normativa cuando el usuario haya adquirido bienes y\/o servicios de Bodegas Lecea. En caso no existir tal relaci\u00f3n contractual, el tratamiento de datos se basar\u00e1 en el consentimiento del usuario recogido en la normativa actual vigente.<\/p>\n<p>El tratamiento para las referidas finalidades, se realizar\u00e1 siempre previo consentimiento del usuario o en base al referido inter\u00e9s leg\u00edtimo, y ser\u00e1 necesario para la atenci\u00f3n de su solicitud. Asimismo, en caso de retirar su consentimiento a cualquiera de los tratamientos, ello no afectar\u00e1 a la licitud de los tratamientos efectuados con anterioridad.<\/p>\n<p>Para revocar dicho consentimiento, el Usuario podr\u00e1 contactar con Bodegas Lecea a trav\u00e9s de click sobre el link de baja autom\u00e1tica disponible en cada comunicaci\u00f3n comercial enviada por Bodegas Lecea o bien mediante correo electr\u00f3nico dirigido a <a href=\"mailto:info@bodegaslecea.com\">info@bodegaslecea.com<\/a><\/p>\n<ol start=\"8\">\n<li><strong> \u00bfCON QU\u00c9 DESTINATARIOS SE COMPARTIR\u00c1N LOS DATOS DEL USUARIO?<\/strong><\/li>\n<\/ol>\n<p>No cedemos tus datos personales a nadie. \u00danicamente comunicaremos los mismos cuando estemos obligados por una ley o que previamente nos hayas dado tu autorizaci\u00f3n expresa.<\/p>\n<p>Para poder prestar nuestros servicios necesitamos trabajar con empresas que tratan tus datos por cuenta nuestra (proveedores de hosting, de tecnolog\u00eda de an\u00e1lisis de datos, etc.), como parte de la prestaci\u00f3n de un servicio que les hemos contratado, con quien firmamos los correspondientes contratos de encargados de tratamiento y les exigimos el cumplimiento de la normativa en materia de datos personales.<\/p>\n<ol start=\"9\">\n<li><strong> RESPONSABILIDAD DEL USUARIO.<\/strong><\/li>\n<\/ol>\n<p>El usuario:<\/p>\n<ul>\n<li>Garantiza que es mayor de dieciocho (18) a\u00f1os y que los datos que facilita a Bodegas Lecea son verdaderos, exactos, completos y actualizados. A estos efectos, el usuario responde de la veracidad de todos los datos que comunique y mantendr\u00e1 convenientemente actualizada la informaci\u00f3n facilitada, de tal forma que responda a su situaci\u00f3n real.<\/li>\n<li>Garantiza que ha informado a los terceros de los que facilite sus datos, en caso de hacerlo, de los aspectos contenidos en este documento. Asimismo, garantiza que ha obtenido su autorizaci\u00f3n para facilitar sus datos a Bodegas Lecea para los fines se\u00f1alados.<\/li>\n<li>Ser\u00e1 responsable de las informaciones falsas o inexactas que proporcione a trav\u00e9s del Sitio Web y de los da\u00f1os y perjuicios, directos o indirectos, que ello cause a Bodegas Lecea o a terceros.<\/li>\n<\/ul>\n<ol start=\"10\">\n<li><strong> COMUNICACIONES COMERCIALES Y PROMOCIONALES.<\/strong><\/li>\n<\/ol>\n<p>Una de las finalidades para las que Bodegas Lecea trata los datos personales proporcionados por parte de los usuarios es para remitirles comunicaciones electr\u00f3nicas con informaci\u00f3n relativa a bienes, servicios, promociones, ofertas, eventos (pisado de la uva) o noticias relevantes para los usuarios. Siempre que se realice alguna comunicaci\u00f3n de este tipo, \u00e9sta ser\u00e1 dirigida \u00fanica y exclusivamente a aquellos usuarios que no hubieran manifestado previamente su negativa a la recepci\u00f3n de las mismas.<\/p>\n<p>En caso de que el usuario desee dejar de recibir comunicaciones comerciales o promocionales por parte de Bodegas Lecea, puede solicitar la baja del servicio haciendo click sobre el enlace habilitado a tales efectos en el propio cuerpo de dichas comunicaciones comerciales o bien enviando un email a la siguiente direcci\u00f3n de correo electr\u00f3nico: <u><a href=\"mailto:info@bodegaslecea.com\">info@bodegaslecea.com<\/a><\/u> as\u00ed como indicando su negativa a la recepci\u00f3n de las mismas, a trav\u00e9s de la casilla as\u00ed dispuesta en el formulario de recogida de sus datos o indic\u00e1ndolo mediante la opci\u00f3n de baja proporcionada en cada una de las comunicaciones comerciales enviadas.<\/p>\n<ol start=\"11\">\n<li><strong> CAMBIOS DE LA POL\u00cdTICA DE PRIVACIDAD.<\/strong><\/li>\n<\/ol>\n<p>El usuario puede enviar un escrito a Bodegas Lecea, a la direcci\u00f3n indicada en el encabezado de la presente Pol\u00edtica, o bien por medio de un correo electr\u00f3nico a la direcci\u00f3n <u>info@bodegaslecea.com<\/u>, adjuntando fotocopia de su documento de identidad, en cualquier momento y de manera gratuita, para:<\/p>\n<ul>\n<li>Revocar los consentimientos otorgados.<\/li>\n<li>Obtener confirmaci\u00f3n acerca de si en Bodegas Lecea se est\u00e1n tratando datos personales que conciernen al Usuario o no.<\/li>\n<li>Acceder a sus datos personales.<\/li>\n<li>Rectificar los datos inexactos o incompletos.<\/li>\n<li>Solicitar la supresi\u00f3n de sus datos cuando, entre otros motivos, los datos ya no sean necesarios para los fines que fueron recogidos.<\/li>\n<li>Obtener de Bodegas Lecea la limitaci\u00f3n del tratamiento de los datos cuando se cumpla alguna de las condiciones previstas en la normativa de protecci\u00f3n de datos.<\/li>\n<li>Obtener intervenci\u00f3n humana, a expresar tu punto de vista y a impugnar las decisiones automatizadas a adoptadas por parte de Bodegas Lecea.<\/li>\n<li>Solicitar la portabilidad de tus datos.<\/li>\n<li>Ponerse en contacto con el DPO de Bodegas Lecea a trav\u00e9s de la siguiente direcci\u00f3n: <u>info@bodegaslecea.com<\/u><\/li>\n<li>Interponer una reclamaci\u00f3n relativa a la protecci\u00f3n de sus datos personales cuando el interesado considere que Bodegas Lecea ha vulnerado los derechos que le son reconocidos por la normativa aplicable en protecci\u00f3n de datos.<\/li>\n<\/ul>\n<ol start=\"12\">\n<li><strong> MEDIDAS DE SEGURIDAD.<\/strong><\/li>\n<\/ol>\n<p>Bodegas Lecea tratar\u00e1 los datos del Usuario en todo momento de forma absolutamente confidencial y guardando el secreto de los mismos, de conformidad con lo previsto en la normativa de aplicaci\u00f3n, adoptando al efecto las medidas de \u00edndole t\u00e9cnico-organizativa necesarias que garanticen la seguridad de sus datos y eviten su alteraci\u00f3n, p\u00e9rdida, tratamiento o acceso no autorizado, habida cuenta del estado de la tecnolog\u00eda, la naturaleza de los datos almacenados y los riesgos a que est\u00e1n expuestos.<\/p>\n<ol start=\"13\">\n<li><strong> CAMBIOS EN LA POL\u00cdTICA DE PRIVACIDAD<\/strong><\/li>\n<\/ol>\n<p>Para garantizar que nuestras directrices de protecci\u00f3n de datos cumplan siempre con los requisitos legales actuales, nos reservamos el derecho de realizar cambios para estar siempre adecuados a la legislaci\u00f3n vigente.<\/p>\n<p>\u00daltima actualizaci\u00f3n: 24 de mayo de 2018.[\/vc_column_text][\/vc_column][\/vc_row]\n","protected":false},"excerpt":{"rendered":"<p>[vc_row type=&#8221;in_container&#8221; full_screen_row_position=&#8221;middle&#8221; column_margin=&#8221;default&#8221; scene_position=&#8221;center&#8221; text_color=&#8221;dark&#8221; text_align=&#8221;left&#8221; class=&#8221;pagina-legal&#8221; overlay_strength=&#8221;0.3&#8243; shape_divider_position=&#8221;bottom&#8221; bg_image_animation=&#8221;none&#8221; shape_type=&#8221;&#8221;][vc_column column_padding=&#8221;no-extra-padding&#8221; column_padding_position=&#8221;all&#8221; background_color_opacity=&#8221;1&#8243; background_hover_color_opacity=&#8221;1&#8243; column_link_target=&#8221;_self&#8221; column_shadow=&#8221;none&#8221; column_border_radius=&#8221;none&#8221; width=&#8221;1\/1&#8243; tablet_width_inherit=&#8221;default&#8221; tablet_text_alignment=&#8221;default&#8221; phone_text_alignment=&#8221;default&#8221; overlay_strength=&#8221;0.3&#8243; column_border_width=&#8221;none&#8221; column_border_style=&#8221;solid&#8221; bg_image_animation=&#8221;none&#8221;][vc_column_text](EN)Nuestro objetivo es que&#8230;<\/p>\n","protected":false},"author":1,"featured_media":0,"parent":0,"menu_order":0,"comment_status":"closed","ping_status":"closed","template":"","meta":{"_joinchat":[],"footnotes":""},"class_list":["post-1847","page","type-page","status-publish"],"_links":{"self":[{"href":"https:\/\/www.bodegaslecea.com\/en\/wp-json\/wp\/v2\/pages\/1847","targetHints":{"allow":["GET"]}}],"collection":[{"href":"https:\/\/www.bodegaslecea.com\/en\/wp-json\/wp\/v2\/pages"}],"about":[{"href":"https:\/\/www.bodegaslecea.com\/en\/wp-json\/wp\/v2\/types\/page"}],"author":[{"embeddable":true,"href":"https:\/\/www.bodegaslecea.com\/en\/wp-json\/wp\/v2\/users\/1"}],"replies":[{"embeddable":true,"href":"https:\/\/www.bodegaslecea.com\/en\/wp-json\/wp\/v2\/comments?post=1847"}],"version-history":[{"count":2,"href":"https:\/\/www.bodegaslecea.com\/en\/wp-json\/wp\/v2\/pages\/1847\/revisions"}],"predecessor-version":[{"id":1851,"href":"https:\/\/www.bodegaslecea.com\/en\/wp-json\/wp\/v2\/pages\/1847\/revisions\/1851"}],"wp:attachment":[{"href":"https:\/\/www.bodegaslecea.com\/en\/wp-json\/wp\/v2\/media?parent=1847"}],"curies":[{"name":"wp","href":"https:\/\/api.w.org\/{rel}","templated":true}]}}